{"id":1072,"date":"2023-05-08T13:11:48","date_gmt":"2023-05-08T11:11:48","guid":{"rendered":"https:\/\/www.carlosfotografo.com\/?page_id=1072"},"modified":"2023-06-27T21:12:40","modified_gmt":"2023-06-27T19:12:40","slug":"photographing-a-wedding-what-is-the-plan","status":"publish","type":"page","link":"https:\/\/www.carlosfotografo.com\/en\/bodas\/fotografiar-una-boda-cual-es-el-plan\/","title":{"rendered":"Photographing a wedding, what is the plan?"},"content":{"rendered":"<div data-elementor-type=\"wp-page\" data-elementor-id=\"1072\" class=\"elementor elementor-1072\" data-elementor-post-type=\"page\">\n\t\t\t\t\t\t<section class=\"elementor-section elementor-top-section elementor-element elementor-element-4160e0f5 elementor-section-boxed elementor-section-height-default elementor-section-height-default\" data-id=\"4160e0f5\" data-element_type=\"section\" data-e-type=\"section\" data-settings=\"{&quot;background_background&quot;:&quot;classic&quot;}\">\n\t\t\t\t\t\t\t<div class=\"elementor-background-overlay\"><\/div>\n\t\t\t\t\t\t\t<div class=\"elementor-container elementor-column-gap-default\">\n\t\t\t\t\t<div class=\"elementor-column elementor-col-100 elementor-top-column elementor-element elementor-element-2dfe7662\" data-id=\"2dfe7662\" data-element_type=\"column\" data-e-type=\"column\">\n\t\t\t<div class=\"elementor-widget-wrap\">\n\t\t\t\t\t\t\t<\/div>\n\t\t<\/div>\n\t\t\t\t\t<\/div>\n\t\t<\/section>\n\t\t\t\t<section class=\"elementor-section elementor-top-section elementor-element elementor-element-13343ab6 elementor-section-content-middle elementor-section-boxed elementor-section-height-default elementor-section-height-default\" data-id=\"13343ab6\" data-element_type=\"section\" data-e-type=\"section\">\n\t\t\t\t\t\t<div class=\"elementor-container elementor-column-gap-no\">\n\t\t\t\t\t<div class=\"elementor-column elementor-col-100 elementor-top-column elementor-element elementor-element-522eec74\" data-id=\"522eec74\" data-element_type=\"column\" data-e-type=\"column\">\n\t\t\t<div class=\"elementor-widget-wrap elementor-element-populated\">\n\t\t\t\t\t\t<div class=\"elementor-element elementor-element-7cab0f75 elementor-widget elementor-widget-heading\" data-id=\"7cab0f75\" data-element_type=\"widget\" data-e-type=\"widget\" data-widget_type=\"heading.default\">\n\t\t\t\t<div class=\"elementor-widget-container\">\n\t\t\t\t\t<h1 class=\"elementor-heading-title elementor-size-default\">Photograph a wedding:&nbsp;<div>What&#039;s the plan?<\/div><\/h1>\t\t\t\t<\/div>\n\t\t\t\t<\/div>\n\t\t\t\t<div class=\"elementor-element elementor-element-1d33ef1b elementor-widget elementor-widget-text-editor\" data-id=\"1d33ef1b\" data-element_type=\"widget\" data-e-type=\"widget\" data-widget_type=\"text-editor.default\">\n\t\t\t\t<div class=\"elementor-widget-container\">\n\t\t\t\t\t\t\t\t\t<p><strong>each wedding is unique<\/strong>, is full of details that add seasoning to your special day, giving nuances.<\/p><p>Once I&#039;ve become <strong>your photographer<\/strong>I love talking to the couples for whom I do my reports. I like that they comment on me, that they propose ideas to me, I present mine to them, even that they ask me their doubts and questions, in short, to know what they want from that day.<\/p><p>I usually have <strong>various appointments<\/strong> with my clients, especially if we take pre-wedding photographs, but within the final fortnight before the ceremony I usually have the last meeting in which we already discuss the final nuances of the day, the schedules, last doubts, etc...<\/p><p>The more prepared we carry out this part, the better the final result will undoubtedly be, mainly because on the day of the wedding you are going to dedicate yourself to <strong>enjoy<\/strong>, and I to capture all those moments.<\/p>\t\t\t\t\t\t\t\t<\/div>\n\t\t\t\t<\/div>\n\t\t\t\t<div class=\"elementor-element elementor-element-51085472 elementor-widget elementor-widget-image\" data-id=\"51085472\" data-element_type=\"widget\" data-e-type=\"widget\" data-widget_type=\"image.default\">\n\t\t\t\t<div class=\"elementor-widget-container\">\n\t\t\t\t\t\t\t\t\t\t\t\t\t\t\t<img fetchpriority=\"high\" decoding=\"async\" width=\"1024\" height=\"606\" src=\"https:\/\/www.carlosfotografo.com\/wp-content\/uploads\/2023\/05\/0029-1.jpg\" class=\"attachment-large size-large wp-image-1002\" alt=\"Photographer taking photos of a bride\" srcset=\"https:\/\/www.carlosfotografo.com\/wp-content\/uploads\/2023\/05\/0029-1.jpg 1024w, https:\/\/www.carlosfotografo.com\/wp-content\/uploads\/2023\/05\/0029-1-300x178.jpg 300w, https:\/\/www.carlosfotografo.com\/wp-content\/uploads\/2023\/05\/0029-1-768x455.jpg 768w, https:\/\/www.carlosfotografo.com\/wp-content\/uploads\/2023\/05\/0029-1-18x12.jpg 18w\" sizes=\"(max-width: 1024px) 100vw, 1024px\" \/>\t\t\t\t\t\t\t\t\t\t\t\t\t\t\t<\/div>\n\t\t\t\t<\/div>\n\t\t\t\t<div class=\"elementor-element elementor-element-1061efb5 elementor-widget elementor-widget-text-editor\" data-id=\"1061efb5\" data-element_type=\"widget\" data-e-type=\"widget\" data-widget_type=\"text-editor.default\">\n\t\t\t\t<div class=\"elementor-widget-container\">\n\t\t\t\t\t\t\t\t\t<p>The day of the wedding I like to spend the most <strong>unnoticed<\/strong> possible, move discreetly, capture all the moments and ultimately capture your wedding. What is essential is to prevent you from ceasing to be yourself.<\/p><p>You mark the work program on the wedding day <strong>you<\/strong>.<\/p><p>To define approximately <strong>schedules<\/strong>, my work usually begins with the preparations for the bride and groom and ends more or less an hour later, at the start of the dance. We will be direct witnesses of everything that happens in between, to preserve all those moments and emotions.<\/p>\t\t\t\t\t\t\t\t<\/div>\n\t\t\t\t<\/div>\n\t\t\t\t<div class=\"elementor-element elementor-element-1dde840e elementor-align-center elementor-widget elementor-widget-button\" data-id=\"1dde840e\" data-element_type=\"widget\" data-e-type=\"widget\" data-widget_type=\"button.default\">\n\t\t\t\t<div class=\"elementor-widget-container\">\n\t\t\t\t\t\t\t\t\t<div class=\"elementor-button-wrapper\">\n\t\t\t\t\t<a class=\"elementor-button elementor-button-link elementor-size-sm\" href=\"https:\/\/www.carlosfotografo.com\/en\/reserve\/\">\n\t\t\t\t\t\t<span class=\"elementor-button-content-wrapper\">\n\t\t\t\t\t\t\t\t\t<span class=\"elementor-button-text\">Check your date without obligation<\/span>\n\t\t\t\t\t<\/span>\n\t\t\t\t\t<\/a>\n\t\t\t\t<\/div>\n\t\t\t\t\t\t\t\t<\/div>\n\t\t\t\t<\/div>\n\t\t\t\t\t<\/div>\n\t\t<\/div>\n\t\t\t\t\t<\/div>\n\t\t<\/section>\n\t\t\t\t<\/div>","protected":false},"excerpt":{"rendered":"<p>Fotografiar una boda:&nbsp;\u00bfcu\u00e1l es el plan? Cada boda es \u00fanica, est\u00e1 llena de detalles que van salpimentando vuestro d\u00eda especial, dando matices. Una vez que me he convertido en vuestro fot\u00f3grafo, me encanta hablar con las parejas para las que realizo mis reportajes. Me gusta que me comenten, que me propongan ideas, plantearles yo las [&hellip;]<\/p>\n","protected":false},"author":1,"featured_media":0,"parent":1090,"menu_order":7,"comment_status":"closed","ping_status":"closed","template":"","meta":{"site-sidebar-layout":"no-sidebar","site-content-layout":"page-builder","ast-site-content-layout":"default","site-content-style":"default","site-sidebar-style":"default","ast-global-header-display":"","ast-banner-title-visibility":"","ast-main-header-display":"","ast-hfb-above-header-display":"","ast-hfb-below-header-display":"","ast-hfb-mobile-header-display":"","site-post-title":"disabled","ast-breadcrumbs-content":"","ast-featured-img":"disabled","footer-sml-layout":"","ast-disable-related-posts":"","theme-transparent-header-meta":"default","adv-header-id-meta":"","stick-header-meta":"","header-above-stick-meta":"","header-main-stick-meta":"","header-below-stick-meta":"","astra-migrate-meta-layouts":"default","ast-page-background-enabled":"default","ast-page-background-meta":{"desktop":{"background-color":"","background-image":"","background-repeat":"repeat","background-position":"center center","background-size":"auto","background-attachment":"scroll","background-type":"","background-media":"","overlay-type":"","overlay-color":"","overlay-opacity":"","overlay-gradient":""},"tablet":{"background-color":"","background-image":"","background-repeat":"repeat","background-position":"center center","background-size":"auto","background-attachment":"scroll","background-type":"","background-media":"","overlay-type":"","overlay-color":"","overlay-opacity":"","overlay-gradient":""},"mobile":{"background-color":"","background-image":"","background-repeat":"repeat","background-position":"center center","background-size":"auto","background-attachment":"scroll","background-type":"","background-media":"","overlay-type":"","overlay-color":"","overlay-opacity":"","overlay-gradient":""}},"ast-content-background-meta":{"desktop":{"background-color":"var(--ast-global-color-5)","background-image":"","background-repeat":"repeat","background-position":"center center","background-size":"auto","background-attachment":"scroll","background-type":"","background-media":"","overlay-type":"","overlay-color":"","overlay-opacity":"","overlay-gradient":""},"tablet":{"background-color":"var(--ast-global-color-5)","background-image":"","background-repeat":"repeat","background-position":"center center","background-size":"auto","background-attachment":"scroll","background-type":"","background-media":"","overlay-type":"","overlay-color":"","overlay-opacity":"","overlay-gradient":""},"mobile":{"background-color":"var(--ast-global-color-5)","background-image":"","background-repeat":"repeat","background-position":"center center","background-size":"auto","background-attachment":"scroll","background-type":"","background-media":"","overlay-type":"","overlay-color":"","overlay-opacity":"","overlay-gradient":""}},"footnotes":""},"class_list":["post-1072","page","type-page","status-publish","hentry"],"yoast_head":"<!-- This site is optimized with the Yoast SEO plugin v27.4 - https:\/\/yoast.com\/product\/yoast-seo-wordpress\/ -->\n<title>Fotografiar una boda, \u00bfcu\u00e1l es el plan? - Carlos Rodriguez<\/title>\n<meta name=\"description\" content=\"Una vez que me he convertido en vuestro fot\u00f3grafo, me encanta hablar con las parejas para las que realizo mis reportajes.\" \/>\n<meta name=\"robots\" content=\"index, follow, max-snippet:-1, max-image-preview:large, max-video-preview:-1\" \/>\n<link rel=\"canonical\" href=\"https:\/\/www.carlosfotografo.com\/en\/wedding\/photographing-a-wedding-what-is-the-plan\/\" \/>\n<meta property=\"og:locale\" content=\"en_US\" \/>\n<meta property=\"og:type\" content=\"article\" \/>\n<meta property=\"og:title\" content=\"Fotografiar una boda, \u00bfcu\u00e1l es el plan? - Carlos Rodriguez\" \/>\n<meta property=\"og:description\" content=\"Una vez que me he convertido en vuestro fot\u00f3grafo, me encanta hablar con las parejas para las que realizo mis reportajes.\" \/>\n<meta property=\"og:url\" content=\"https:\/\/www.carlosfotografo.com\/en\/wedding\/photographing-a-wedding-what-is-the-plan\/\" \/>\n<meta property=\"og:site_name\" content=\"Carlos Rodriguez\" \/>\n<meta property=\"article:publisher\" content=\"https:\/\/www.facebook.com\/CarlosFotografoGijon\/\" \/>\n<meta property=\"article:modified_time\" content=\"2023-06-27T19:12:40+00:00\" \/>\n<meta property=\"og:image\" content=\"https:\/\/www.carlosfotografo.com\/wp-content\/uploads\/2023\/05\/0029-1.jpg\" \/>\n<meta name=\"twitter:card\" content=\"summary_large_image\" \/>\n<script type=\"application\/ld+json\" class=\"yoast-schema-graph\">{\"@context\":\"https:\\\/\\\/schema.org\",\"@graph\":[{\"@type\":\"WebPage\",\"@id\":\"https:\\\/\\\/www.carlosfotografo.com\\\/bodas\\\/fotografiar-una-boda-cual-es-el-plan\\\/\",\"url\":\"https:\\\/\\\/www.carlosfotografo.com\\\/bodas\\\/fotografiar-una-boda-cual-es-el-plan\\\/\",\"name\":\"Fotografiar una boda, \u00bfcu\u00e1l es el plan? - Carlos Rodriguez\",\"isPartOf\":{\"@id\":\"https:\\\/\\\/www.carlosfotografo.com\\\/#website\"},\"primaryImageOfPage\":{\"@id\":\"https:\\\/\\\/www.carlosfotografo.com\\\/bodas\\\/fotografiar-una-boda-cual-es-el-plan\\\/#primaryimage\"},\"image\":{\"@id\":\"https:\\\/\\\/www.carlosfotografo.com\\\/bodas\\\/fotografiar-una-boda-cual-es-el-plan\\\/#primaryimage\"},\"thumbnailUrl\":\"https:\\\/\\\/www.carlosfotografo.com\\\/wp-content\\\/uploads\\\/2023\\\/05\\\/0029-1.jpg\",\"datePublished\":\"2023-05-08T11:11:48+00:00\",\"dateModified\":\"2023-06-27T19:12:40+00:00\",\"description\":\"Una vez que me he convertido en vuestro fot\u00f3grafo, me encanta hablar con las parejas para las que realizo mis reportajes.\",\"breadcrumb\":{\"@id\":\"https:\\\/\\\/www.carlosfotografo.com\\\/bodas\\\/fotografiar-una-boda-cual-es-el-plan\\\/#breadcrumb\"},\"inLanguage\":\"en-US\",\"potentialAction\":[{\"@type\":\"ReadAction\",\"target\":[\"https:\\\/\\\/www.carlosfotografo.com\\\/bodas\\\/fotografiar-una-boda-cual-es-el-plan\\\/\"]}]},{\"@type\":\"ImageObject\",\"inLanguage\":\"en-US\",\"@id\":\"https:\\\/\\\/www.carlosfotografo.com\\\/bodas\\\/fotografiar-una-boda-cual-es-el-plan\\\/#primaryimage\",\"url\":\"https:\\\/\\\/www.carlosfotografo.com\\\/wp-content\\\/uploads\\\/2023\\\/05\\\/0029-1.jpg\",\"contentUrl\":\"https:\\\/\\\/www.carlosfotografo.com\\\/wp-content\\\/uploads\\\/2023\\\/05\\\/0029-1.jpg\"},{\"@type\":\"BreadcrumbList\",\"@id\":\"https:\\\/\\\/www.carlosfotografo.com\\\/bodas\\\/fotografiar-una-boda-cual-es-el-plan\\\/#breadcrumb\",\"itemListElement\":[{\"@type\":\"ListItem\",\"position\":1,\"name\":\"Inicio\",\"item\":\"https:\\\/\\\/www.carlosfotografo.com\\\/\"},{\"@type\":\"ListItem\",\"position\":2,\"name\":\"Bodas\",\"item\":\"https:\\\/\\\/www.carlosfotografo.com\\\/bodas\\\/\"},{\"@type\":\"ListItem\",\"position\":3,\"name\":\"Fotografiar una boda, \u00bfcu\u00e1l es el plan?\"}]},{\"@type\":\"WebSite\",\"@id\":\"https:\\\/\\\/www.carlosfotografo.com\\\/#website\",\"url\":\"https:\\\/\\\/www.carlosfotografo.com\\\/\",\"name\":\"Carlos Rodriguez - Fot\u00f3grafo\",\"description\":\"Fot\u00f3grafo\",\"publisher\":{\"@id\":\"https:\\\/\\\/www.carlosfotografo.com\\\/#organization\"},\"potentialAction\":[{\"@type\":\"SearchAction\",\"target\":{\"@type\":\"EntryPoint\",\"urlTemplate\":\"https:\\\/\\\/www.carlosfotografo.com\\\/?s={search_term_string}\"},\"query-input\":{\"@type\":\"PropertyValueSpecification\",\"valueRequired\":true,\"valueName\":\"search_term_string\"}}],\"inLanguage\":\"en-US\"},{\"@type\":\"Organization\",\"@id\":\"https:\\\/\\\/www.carlosfotografo.com\\\/#organization\",\"name\":\"Carlos Rodriguez - Fot\u00f3grafo\",\"url\":\"https:\\\/\\\/www.carlosfotografo.com\\\/\",\"logo\":{\"@type\":\"ImageObject\",\"inLanguage\":\"en-US\",\"@id\":\"https:\\\/\\\/www.carlosfotografo.com\\\/#\\\/schema\\\/logo\\\/image\\\/\",\"url\":\"https:\\\/\\\/www.carlosfotografo.com\\\/wp-content\\\/uploads\\\/2023\\\/06\\\/web-nombre.png\",\"contentUrl\":\"https:\\\/\\\/www.carlosfotografo.com\\\/wp-content\\\/uploads\\\/2023\\\/06\\\/web-nombre.png\",\"width\":567,\"height\":567,\"caption\":\"Carlos Rodriguez - Fot\u00f3grafo\"},\"image\":{\"@id\":\"https:\\\/\\\/www.carlosfotografo.com\\\/#\\\/schema\\\/logo\\\/image\\\/\"},\"sameAs\":[\"https:\\\/\\\/www.facebook.com\\\/CarlosFotografoGijon\\\/\",\"https:\\\/\\\/www.instagram.com\\\/carlos_fotografo_gijon\\\/\"]}]}<\/script>\n<!-- \/ Yoast SEO plugin. -->","yoast_head_json":{"title":"Photographing a wedding, what is the plan? -Carlos Rodriguez","description":"Once I have become your photographer, I love talking to the couples for whom I do my reports.","robots":{"index":"index","follow":"follow","max-snippet":"max-snippet:-1","max-image-preview":"max-image-preview:large","max-video-preview":"max-video-preview:-1"},"canonical":"https:\/\/www.carlosfotografo.com\/en\/wedding\/photographing-a-wedding-what-is-the-plan\/","og_locale":"en_US","og_type":"article","og_title":"Fotografiar una boda, \u00bfcu\u00e1l es el plan? - Carlos Rodriguez","og_description":"Una vez que me he convertido en vuestro fot\u00f3grafo, me encanta hablar con las parejas para las que realizo mis reportajes.","og_url":"https:\/\/www.carlosfotografo.com\/en\/wedding\/photographing-a-wedding-what-is-the-plan\/","og_site_name":"Carlos Rodriguez","article_publisher":"https:\/\/www.facebook.com\/CarlosFotografoGijon\/","article_modified_time":"2023-06-27T19:12:40+00:00","og_image":[{"url":"https:\/\/www.carlosfotografo.com\/wp-content\/uploads\/2023\/05\/0029-1.jpg","type":"","width":"","height":""}],"twitter_card":"summary_large_image","schema":{"@context":"https:\/\/schema.org","@graph":[{"@type":"WebPage","@id":"https:\/\/www.carlosfotografo.com\/bodas\/fotografiar-una-boda-cual-es-el-plan\/","url":"https:\/\/www.carlosfotografo.com\/bodas\/fotografiar-una-boda-cual-es-el-plan\/","name":"Photographing a wedding, what is the plan? -Carlos Rodriguez","isPartOf":{"@id":"https:\/\/www.carlosfotografo.com\/#website"},"primaryImageOfPage":{"@id":"https:\/\/www.carlosfotografo.com\/bodas\/fotografiar-una-boda-cual-es-el-plan\/#primaryimage"},"image":{"@id":"https:\/\/www.carlosfotografo.com\/bodas\/fotografiar-una-boda-cual-es-el-plan\/#primaryimage"},"thumbnailUrl":"https:\/\/www.carlosfotografo.com\/wp-content\/uploads\/2023\/05\/0029-1.jpg","datePublished":"2023-05-08T11:11:48+00:00","dateModified":"2023-06-27T19:12:40+00:00","description":"Once I have become your photographer, I love talking to the couples for whom I do my reports.","breadcrumb":{"@id":"https:\/\/www.carlosfotografo.com\/bodas\/fotografiar-una-boda-cual-es-el-plan\/#breadcrumb"},"inLanguage":"en-US","potentialAction":[{"@type":"ReadAction","target":["https:\/\/www.carlosfotografo.com\/bodas\/fotografiar-una-boda-cual-es-el-plan\/"]}]},{"@type":"ImageObject","inLanguage":"en-US","@id":"https:\/\/www.carlosfotografo.com\/bodas\/fotografiar-una-boda-cual-es-el-plan\/#primaryimage","url":"https:\/\/www.carlosfotografo.com\/wp-content\/uploads\/2023\/05\/0029-1.jpg","contentUrl":"https:\/\/www.carlosfotografo.com\/wp-content\/uploads\/2023\/05\/0029-1.jpg"},{"@type":"BreadcrumbList","@id":"https:\/\/www.carlosfotografo.com\/bodas\/fotografiar-una-boda-cual-es-el-plan\/#breadcrumb","itemListElement":[{"@type":"ListItem","position":1,"name":"Inicio","item":"https:\/\/www.carlosfotografo.com\/"},{"@type":"ListItem","position":2,"name":"Bodas","item":"https:\/\/www.carlosfotografo.com\/bodas\/"},{"@type":"ListItem","position":3,"name":"Fotografiar una boda, \u00bfcu\u00e1l es el plan?"}]},{"@type":"WebSite","@id":"https:\/\/www.carlosfotografo.com\/#website","url":"https:\/\/www.carlosfotografo.com\/","name":"Carlos Rodriguez - Photographer","description":"Photographer","publisher":{"@id":"https:\/\/www.carlosfotografo.com\/#organization"},"potentialAction":[{"@type":"SearchAction","target":{"@type":"EntryPoint","urlTemplate":"https:\/\/www.carlosfotografo.com\/?s={search_term_string}"},"query-input":{"@type":"PropertyValueSpecification","valueRequired":true,"valueName":"search_term_string"}}],"inLanguage":"en-US"},{"@type":"Organization","@id":"https:\/\/www.carlosfotografo.com\/#organization","name":"Carlos Rodriguez - Photographer","url":"https:\/\/www.carlosfotografo.com\/","logo":{"@type":"ImageObject","inLanguage":"en-US","@id":"https:\/\/www.carlosfotografo.com\/#\/schema\/logo\/image\/","url":"https:\/\/www.carlosfotografo.com\/wp-content\/uploads\/2023\/06\/web-nombre.png","contentUrl":"https:\/\/www.carlosfotografo.com\/wp-content\/uploads\/2023\/06\/web-nombre.png","width":567,"height":567,"caption":"Carlos Rodriguez - Fot\u00f3grafo"},"image":{"@id":"https:\/\/www.carlosfotografo.com\/#\/schema\/logo\/image\/"},"sameAs":["https:\/\/www.facebook.com\/CarlosFotografoGijon\/","https:\/\/www.instagram.com\/carlos_fotografo_gijon\/"]}]}},"_links":{"self":[{"href":"https:\/\/www.carlosfotografo.com\/en\/wp-json\/wp\/v2\/pages\/1072","targetHints":{"allow":["GET"]}}],"collection":[{"href":"https:\/\/www.carlosfotografo.com\/en\/wp-json\/wp\/v2\/pages"}],"about":[{"href":"https:\/\/www.carlosfotografo.com\/en\/wp-json\/wp\/v2\/types\/page"}],"author":[{"embeddable":true,"href":"https:\/\/www.carlosfotografo.com\/en\/wp-json\/wp\/v2\/users\/1"}],"replies":[{"embeddable":true,"href":"https:\/\/www.carlosfotografo.com\/en\/wp-json\/wp\/v2\/comments?post=1072"}],"version-history":[{"count":19,"href":"https:\/\/www.carlosfotografo.com\/en\/wp-json\/wp\/v2\/pages\/1072\/revisions"}],"predecessor-version":[{"id":1564,"href":"https:\/\/www.carlosfotografo.com\/en\/wp-json\/wp\/v2\/pages\/1072\/revisions\/1564"}],"up":[{"embeddable":true,"href":"https:\/\/www.carlosfotografo.com\/en\/wp-json\/wp\/v2\/pages\/1090"}],"wp:attachment":[{"href":"https:\/\/www.carlosfotografo.com\/en\/wp-json\/wp\/v2\/media?parent=1072"}],"curies":[{"name":"wp","href":"https:\/\/api.w.org\/{rel}","templated":true}]}}