{"id":1078,"date":"2023-05-08T13:12:53","date_gmt":"2023-05-08T11:12:53","guid":{"rendered":"https:\/\/www.carlosfotografo.com\/?page_id=1078"},"modified":"2023-06-21T18:20:41","modified_gmt":"2023-06-21T16:20:41","slug":"reserve","status":"publish","type":"page","link":"https:\/\/www.carlosfotografo.com\/en\/reservar\/","title":{"rendered":"Reserve"},"content":{"rendered":"<div data-elementor-type=\"wp-page\" data-elementor-id=\"1078\" class=\"elementor elementor-1078\" data-elementor-post-type=\"page\">\n\t\t\t\t\t\t<section class=\"elementor-section elementor-top-section elementor-element elementor-element-728ad182 elementor-section-boxed elementor-section-height-default elementor-section-height-default\" data-id=\"728ad182\" data-element_type=\"section\" data-e-type=\"section\" data-settings=\"{&quot;background_background&quot;:&quot;classic&quot;}\">\n\t\t\t\t\t\t\t<div class=\"elementor-background-overlay\"><\/div>\n\t\t\t\t\t\t\t<div class=\"elementor-container elementor-column-gap-default\">\n\t\t\t\t\t<div class=\"elementor-column elementor-col-100 elementor-top-column elementor-element elementor-element-5228ad82\" data-id=\"5228ad82\" data-element_type=\"column\" data-e-type=\"column\">\n\t\t\t<div class=\"elementor-widget-wrap\">\n\t\t\t\t\t\t\t<\/div>\n\t\t<\/div>\n\t\t\t\t\t<\/div>\n\t\t<\/section>\n\t\t\t\t<section class=\"elementor-section elementor-top-section elementor-element elementor-element-5410a922 elementor-section-content-middle elementor-section-boxed elementor-section-height-default elementor-section-height-default\" data-id=\"5410a922\" data-element_type=\"section\" data-e-type=\"section\">\n\t\t\t\t\t\t<div class=\"elementor-container elementor-column-gap-no\">\n\t\t\t\t\t<div class=\"elementor-column elementor-col-100 elementor-top-column elementor-element elementor-element-852b0c2\" data-id=\"852b0c2\" data-element_type=\"column\" data-e-type=\"column\">\n\t\t\t<div class=\"elementor-widget-wrap elementor-element-populated\">\n\t\t\t\t\t\t<div class=\"elementor-element elementor-element-6b8cdfd2 elementor-widget elementor-widget-heading\" data-id=\"6b8cdfd2\" data-element_type=\"widget\" data-e-type=\"widget\" data-widget_type=\"heading.default\">\n\t\t\t\t<div class=\"elementor-widget-container\">\n\t\t\t\t\t<h1 class=\"elementor-heading-title elementor-size-default\">Check your date<\/h1>\t\t\t\t<\/div>\n\t\t\t\t<\/div>\n\t\t\t\t<div class=\"elementor-element elementor-element-361c76e5 elementor-widget elementor-widget-text-editor\" data-id=\"361c76e5\" data-element_type=\"widget\" data-e-type=\"widget\" data-widget_type=\"text-editor.default\">\n\t\t\t\t<div class=\"elementor-widget-container\">\n\t\t\t\t\t\t\t\t\t<p>I am at your disposal to answer any questions or reserve a date without obligation.<\/p><p>Fill in the form and I will answer you as soon as possible. You can also call me directly at the studio: 984 290604.<\/p>\t\t\t\t\t\t\t\t<\/div>\n\t\t\t\t<\/div>\n\t\t\t\t\t<\/div>\n\t\t<\/div>\n\t\t\t\t\t<\/div>\n\t\t<\/section>\n\t\t\t\t<section class=\"elementor-section elementor-top-section elementor-element elementor-element-3570f705 elementor-section-boxed elementor-section-height-default elementor-section-height-default\" data-id=\"3570f705\" data-element_type=\"section\" data-e-type=\"section\" data-settings=\"{&quot;background_background&quot;:&quot;classic&quot;}\">\n\t\t\t\t\t\t<div class=\"elementor-container elementor-column-gap-default\">\n\t\t\t\t\t<div class=\"elementor-column elementor-col-100 elementor-top-column elementor-element elementor-element-4b30bafd\" data-id=\"4b30bafd\" data-element_type=\"column\" data-e-type=\"column\">\n\t\t\t<div class=\"elementor-widget-wrap elementor-element-populated\">\n\t\t\t\t\t\t<div class=\"elementor-element elementor-element-6454b551 uael-cf7-style-box uael-cf7-input-size-sm uael-cf7-button-left uael-cf7-btn-size-sm uael-cf7-highlight-style-default elementor-widget elementor-widget-uael-cf7-styler\" data-id=\"6454b551\" data-element_type=\"widget\" data-e-type=\"widget\" data-widget_type=\"uael-cf7-styler.default\">\n\t\t\t\t<div class=\"elementor-widget-container\">\n\t\t\t\t\t\t\t\t\t<div class = \"uael-cf7-container\">\n\t\t\t\t\t\t<div class = \"uael-cf7 uael-cf7-style elementor-clickable\">\n\t\t\t\t\t\t\n<div class=\"wpcf7 no-js\" id=\"wpcf7-f5-o1\" lang=\"es-ES\" dir=\"ltr\" data-wpcf7-id=\"5\">\n<div class=\"screen-reader-response\"><p role=\"status\" aria-live=\"polite\" aria-atomic=\"true\"><\/p> <ul><\/ul><\/div>\n<form action=\"\/en\/wp-json\/wp\/v2\/pages\/1078#wpcf7-f5-o1\" method=\"post\" class=\"wpcf7-form init\" aria-label=\"Contact Form\" novalidate=\"novalidate\" data-status=\"init\" data-trp-original-action=\"\/en\/wp-json\/wp\/v2\/pages\/1078#wpcf7-f5-o1\">\n<fieldset class=\"hidden-fields-container\"><input type=\"hidden\" name=\"_wpcf7\" value=\"5\" \/><input type=\"hidden\" name=\"_wpcf7_version\" value=\"6.1.5\" \/><input type=\"hidden\" name=\"_wpcf7_locale\" value=\"es_ES\" \/><input type=\"hidden\" name=\"_wpcf7_unit_tag\" value=\"wpcf7-f5-o1\" \/><input type=\"hidden\" name=\"_wpcf7_container_post\" value=\"0\" \/><input type=\"hidden\" name=\"_wpcf7_posted_data_hash\" value=\"\" \/>\n<\/fieldset>\n<div class=\"wpcf7-response-output\" aria-hidden=\"true\"><\/div>\n<p><label for=\"your-name\">Your name<\/label>\n<\/p>\n<p><span class=\"wpcf7-form-control-wrap\" data-name=\"your-name\"><input size=\"40\" maxlength=\"400\" class=\"wpcf7-form-control wpcf7-text wpcf7-validates-as-required\" id=\"your-name\" aria-required=\"true\" aria-invalid=\"false\" value=\"\" type=\"text\" name=\"your-name\" \/><\/span>\n<\/p>\n<p><label for=\"your-email\">your e-mail<\/label>\n<\/p>\n<p><span class=\"wpcf7-form-control-wrap\" data-name=\"your-email\"><input size=\"40\" maxlength=\"400\" class=\"wpcf7-form-control wpcf7-email wpcf7-validates-as-required wpcf7-text wpcf7-validates-as-email\" id=\"your-email\" aria-required=\"true\" aria-invalid=\"false\" value=\"\" type=\"email\" name=\"your-email\" \/><\/span>\n<\/p>\n<p><label for=\"your-subject\">Affair<\/label>\n<\/p>\n<p><span class=\"wpcf7-form-control-wrap\" data-name=\"your-subject\"><input size=\"40\" maxlength=\"400\" class=\"wpcf7-form-control wpcf7-text wpcf7-validates-as-required\" id=\"your-subject\" aria-required=\"true\" aria-invalid=\"false\" value=\"\" type=\"text\" name=\"your-subject\" \/><\/span>\n<\/p>\n<p><span id=\"email-campo-w\" class=\"wpcf7-form-control-wrap email-campo-wrap\" style=\"display:none !important; visibility:hidden !important;\"><label for=\"email-campo\" class=\"hp-message\">Please leave this field empty.<\/label><input id=\"email-campo\"  class=\"wpcf7-form-control wpcf7-text email-campo\" type=\"text\" name=\"email-campo\" value=\"\" size=\"40\" tabindex=\"-1\" autocomplete=\"new-password\" \/><\/span><span id=\"website-campo-w\" class=\"wpcf7-form-control-wrap website-campo-wrap\" style=\"display:none !important; visibility:hidden !important;\"><label for=\"website-campo\" class=\"hp-message\">Please leave this field empty.<\/label><input id=\"website-campo\"  class=\"wpcf7-form-control wpcf7-text website-campo\" type=\"text\" name=\"website-campo\" value=\"\" size=\"40\" tabindex=\"-1\" autocomplete=\"new-password\" \/><\/span>\n<\/p>\n<p><label for=\"your-message\">Your message<\/label>\n<\/p>\n<p><span class=\"wpcf7-form-control-wrap\" data-name=\"your-message\"><textarea cols=\"40\" rows=\"10\" maxlength=\"2000\" class=\"wpcf7-form-control wpcf7-textarea wpcf7-validates-as-required\" id=\"your-message\" aria-required=\"true\" aria-invalid=\"false\" name=\"your-message\"><\/textarea><\/span>\n<\/p>\n<p><span class=\"wpcf7-form-control-wrap\" data-name=\"acceptance-RGPD\"><span class=\"wpcf7-form-control wpcf7-acceptance\"><span class=\"wpcf7-list-item\"><label><input type=\"checkbox\" name=\"acceptance-RGPD\" value=\"1\" aria-invalid=\"false\" \/><span class=\"wpcf7-list-item-label\">I have read and accept the <a href=\"..\/politica-de-privacidad\/\">Privacy Policy<\/a><\/span><\/label><\/span><\/span><\/span>\n<\/p>\n<p><input class=\"wpcf7-form-control wpcf7-submit has-spinner\" type=\"submit\" value=\"Send\" \/>\n<\/p>\n<input type=\"hidden\" name=\"trp-form-language\" value=\"en\"\/><\/form>\n<\/div>\n\t\t\t\t\t<\/div>\n\t\t\t\t<\/div>\n\t\t\t\t\t\t\t\t<\/div>\n\t\t\t\t<\/div>\n\t\t\t\t\t<\/div>\n\t\t<\/div>\n\t\t\t\t\t<\/div>\n\t\t<\/section>\n\t\t\t\t<\/div>","protected":false},"excerpt":{"rendered":"<p>Consultad vuestra fecha Estoy a vuestra disposici\u00f3n para resolveros cualquier duda o reservar sin compromiso una fecha. Rellenad el formulario y os contestar\u00e9 cuanto antes. Tambi\u00e9n pod\u00e9is llamarme directamente al estudio: 984 290604. Tu nombre Tu correo electr\u00f3nico Asunto Por favor, deja este campo vac\u00edo.Por favor, deja este campo vac\u00edo. Tu mensaje He le\u00eddo y [&hellip;]<\/p>\n","protected":false},"author":1,"featured_media":0,"parent":0,"menu_order":14,"comment_status":"closed","ping_status":"closed","template":"","meta":{"site-sidebar-layout":"no-sidebar","site-content-layout":"page-builder","ast-site-content-layout":"default","site-content-style":"default","site-sidebar-style":"default","ast-global-header-display":"","ast-banner-title-visibility":"","ast-main-header-display":"","ast-hfb-above-header-display":"","ast-hfb-below-header-display":"","ast-hfb-mobile-header-display":"","site-post-title":"disabled","ast-breadcrumbs-content":"","ast-featured-img":"disabled","footer-sml-layout":"","ast-disable-related-posts":"","theme-transparent-header-meta":"default","adv-header-id-meta":"","stick-header-meta":"","header-above-stick-meta":"","header-main-stick-meta":"","header-below-stick-meta":"","astra-migrate-meta-layouts":"default","ast-page-background-enabled":"default","ast-page-background-meta":{"desktop":{"background-color":"","background-image":"","background-repeat":"repeat","background-position":"center center","background-size":"auto","background-attachment":"scroll","background-type":"","background-media":"","overlay-type":"","overlay-color":"","overlay-opacity":"","overlay-gradient":""},"tablet":{"background-color":"","background-image":"","background-repeat":"repeat","background-position":"center center","background-size":"auto","background-attachment":"scroll","background-type":"","background-media":"","overlay-type":"","overlay-color":"","overlay-opacity":"","overlay-gradient":""},"mobile":{"background-color":"","background-image":"","background-repeat":"repeat","background-position":"center center","background-size":"auto","background-attachment":"scroll","background-type":"","background-media":"","overlay-type":"","overlay-color":"","overlay-opacity":"","overlay-gradient":""}},"ast-content-background-meta":{"desktop":{"background-color":"var(--ast-global-color-5)","background-image":"","background-repeat":"repeat","background-position":"center center","background-size":"auto","background-attachment":"scroll","background-type":"","background-media":"","overlay-type":"","overlay-color":"","overlay-opacity":"","overlay-gradient":""},"tablet":{"background-color":"var(--ast-global-color-5)","background-image":"","background-repeat":"repeat","background-position":"center center","background-size":"auto","background-attachment":"scroll","background-type":"","background-media":"","overlay-type":"","overlay-color":"","overlay-opacity":"","overlay-gradient":""},"mobile":{"background-color":"var(--ast-global-color-5)","background-image":"","background-repeat":"repeat","background-position":"center center","background-size":"auto","background-attachment":"scroll","background-type":"","background-media":"","overlay-type":"","overlay-color":"","overlay-opacity":"","overlay-gradient":""}},"footnotes":""},"class_list":["post-1078","page","type-page","status-publish","hentry"],"yoast_head":"<!-- This site is optimized with the Yoast SEO plugin v27.4 - https:\/\/yoast.com\/product\/yoast-seo-wordpress\/ -->\n<title>Reservar - Carlos Rodriguez<\/title>\n<meta name=\"description\" content=\"P\u00e1gina para reservar fecha para vuestra boda, consulta de fechas y disponibilidad sin compromiso.\" \/>\n<meta name=\"robots\" content=\"index, follow, max-snippet:-1, max-image-preview:large, max-video-preview:-1\" \/>\n<link rel=\"canonical\" href=\"https:\/\/www.carlosfotografo.com\/en\/reserve\/\" \/>\n<meta property=\"og:locale\" content=\"en_US\" \/>\n<meta property=\"og:type\" content=\"article\" \/>\n<meta property=\"og:title\" content=\"Reservar - Carlos Rodriguez\" \/>\n<meta property=\"og:description\" content=\"P\u00e1gina para reservar fecha para vuestra boda, consulta de fechas y disponibilidad sin compromiso.\" \/>\n<meta property=\"og:url\" content=\"https:\/\/www.carlosfotografo.com\/en\/reserve\/\" \/>\n<meta property=\"og:site_name\" content=\"Carlos Rodriguez\" \/>\n<meta property=\"article:publisher\" content=\"https:\/\/www.facebook.com\/CarlosFotografoGijon\/\" \/>\n<meta property=\"article:modified_time\" content=\"2023-06-21T16:20:41+00:00\" \/>\n<meta property=\"og:image\" content=\"https:\/\/www.carlosfotografo.com\/wp-content\/uploads\/2023\/06\/web-nombre.png\" \/>\n\t<meta property=\"og:image:width\" content=\"567\" \/>\n\t<meta property=\"og:image:height\" content=\"567\" \/>\n\t<meta property=\"og:image:type\" content=\"image\/png\" \/>\n<meta name=\"twitter:card\" content=\"summary_large_image\" \/>\n<script type=\"application\/ld+json\" class=\"yoast-schema-graph\">{\"@context\":\"https:\\\/\\\/schema.org\",\"@graph\":[{\"@type\":\"WebPage\",\"@id\":\"https:\\\/\\\/www.carlosfotografo.com\\\/reservar\\\/\",\"url\":\"https:\\\/\\\/www.carlosfotografo.com\\\/reservar\\\/\",\"name\":\"Reservar - Carlos Rodriguez\",\"isPartOf\":{\"@id\":\"https:\\\/\\\/www.carlosfotografo.com\\\/#website\"},\"datePublished\":\"2023-05-08T11:12:53+00:00\",\"dateModified\":\"2023-06-21T16:20:41+00:00\",\"description\":\"P\u00e1gina para reservar fecha para vuestra boda, consulta de fechas y disponibilidad sin compromiso.\",\"breadcrumb\":{\"@id\":\"https:\\\/\\\/www.carlosfotografo.com\\\/reservar\\\/#breadcrumb\"},\"inLanguage\":\"en-US\",\"potentialAction\":[{\"@type\":\"ReadAction\",\"target\":[\"https:\\\/\\\/www.carlosfotografo.com\\\/reservar\\\/\"]}]},{\"@type\":\"BreadcrumbList\",\"@id\":\"https:\\\/\\\/www.carlosfotografo.com\\\/reservar\\\/#breadcrumb\",\"itemListElement\":[{\"@type\":\"ListItem\",\"position\":1,\"name\":\"Inicio\",\"item\":\"https:\\\/\\\/www.carlosfotografo.com\\\/\"},{\"@type\":\"ListItem\",\"position\":2,\"name\":\"Reservar\"}]},{\"@type\":\"WebSite\",\"@id\":\"https:\\\/\\\/www.carlosfotografo.com\\\/#website\",\"url\":\"https:\\\/\\\/www.carlosfotografo.com\\\/\",\"name\":\"Carlos Rodriguez - Fot\u00f3grafo\",\"description\":\"Fot\u00f3grafo\",\"publisher\":{\"@id\":\"https:\\\/\\\/www.carlosfotografo.com\\\/#organization\"},\"potentialAction\":[{\"@type\":\"SearchAction\",\"target\":{\"@type\":\"EntryPoint\",\"urlTemplate\":\"https:\\\/\\\/www.carlosfotografo.com\\\/?s={search_term_string}\"},\"query-input\":{\"@type\":\"PropertyValueSpecification\",\"valueRequired\":true,\"valueName\":\"search_term_string\"}}],\"inLanguage\":\"en-US\"},{\"@type\":\"Organization\",\"@id\":\"https:\\\/\\\/www.carlosfotografo.com\\\/#organization\",\"name\":\"Carlos Rodriguez - Fot\u00f3grafo\",\"url\":\"https:\\\/\\\/www.carlosfotografo.com\\\/\",\"logo\":{\"@type\":\"ImageObject\",\"inLanguage\":\"en-US\",\"@id\":\"https:\\\/\\\/www.carlosfotografo.com\\\/#\\\/schema\\\/logo\\\/image\\\/\",\"url\":\"https:\\\/\\\/www.carlosfotografo.com\\\/wp-content\\\/uploads\\\/2023\\\/06\\\/web-nombre.png\",\"contentUrl\":\"https:\\\/\\\/www.carlosfotografo.com\\\/wp-content\\\/uploads\\\/2023\\\/06\\\/web-nombre.png\",\"width\":567,\"height\":567,\"caption\":\"Carlos Rodriguez - Fot\u00f3grafo\"},\"image\":{\"@id\":\"https:\\\/\\\/www.carlosfotografo.com\\\/#\\\/schema\\\/logo\\\/image\\\/\"},\"sameAs\":[\"https:\\\/\\\/www.facebook.com\\\/CarlosFotografoGijon\\\/\",\"https:\\\/\\\/www.instagram.com\\\/carlos_fotografo_gijon\\\/\"]}]}<\/script>\n<!-- \/ Yoast SEO plugin. -->","yoast_head_json":{"title":"Book - Carlos Rodriguez","description":"Page to reserve a date for your wedding, check dates and availability without obligation.","robots":{"index":"index","follow":"follow","max-snippet":"max-snippet:-1","max-image-preview":"max-image-preview:large","max-video-preview":"max-video-preview:-1"},"canonical":"https:\/\/www.carlosfotografo.com\/en\/reserve\/","og_locale":"en_US","og_type":"article","og_title":"Reservar - Carlos Rodriguez","og_description":"P\u00e1gina para reservar fecha para vuestra boda, consulta de fechas y disponibilidad sin compromiso.","og_url":"https:\/\/www.carlosfotografo.com\/en\/reserve\/","og_site_name":"Carlos Rodriguez","article_publisher":"https:\/\/www.facebook.com\/CarlosFotografoGijon\/","article_modified_time":"2023-06-21T16:20:41+00:00","og_image":[{"width":567,"height":567,"url":"https:\/\/www.carlosfotografo.com\/wp-content\/uploads\/2023\/06\/web-nombre.png","type":"image\/png"}],"twitter_card":"summary_large_image","schema":{"@context":"https:\/\/schema.org","@graph":[{"@type":"WebPage","@id":"https:\/\/www.carlosfotografo.com\/reservar\/","url":"https:\/\/www.carlosfotografo.com\/reservar\/","name":"Book - Carlos Rodriguez","isPartOf":{"@id":"https:\/\/www.carlosfotografo.com\/#website"},"datePublished":"2023-05-08T11:12:53+00:00","dateModified":"2023-06-21T16:20:41+00:00","description":"Page to reserve a date for your wedding, check dates and availability without obligation.","breadcrumb":{"@id":"https:\/\/www.carlosfotografo.com\/reservar\/#breadcrumb"},"inLanguage":"en-US","potentialAction":[{"@type":"ReadAction","target":["https:\/\/www.carlosfotografo.com\/reservar\/"]}]},{"@type":"BreadcrumbList","@id":"https:\/\/www.carlosfotografo.com\/reservar\/#breadcrumb","itemListElement":[{"@type":"ListItem","position":1,"name":"Inicio","item":"https:\/\/www.carlosfotografo.com\/"},{"@type":"ListItem","position":2,"name":"Reservar"}]},{"@type":"WebSite","@id":"https:\/\/www.carlosfotografo.com\/#website","url":"https:\/\/www.carlosfotografo.com\/","name":"Carlos Rodriguez - Photographer","description":"Photographer","publisher":{"@id":"https:\/\/www.carlosfotografo.com\/#organization"},"potentialAction":[{"@type":"SearchAction","target":{"@type":"EntryPoint","urlTemplate":"https:\/\/www.carlosfotografo.com\/?s={search_term_string}"},"query-input":{"@type":"PropertyValueSpecification","valueRequired":true,"valueName":"search_term_string"}}],"inLanguage":"en-US"},{"@type":"Organization","@id":"https:\/\/www.carlosfotografo.com\/#organization","name":"Carlos Rodriguez - Photographer","url":"https:\/\/www.carlosfotografo.com\/","logo":{"@type":"ImageObject","inLanguage":"en-US","@id":"https:\/\/www.carlosfotografo.com\/#\/schema\/logo\/image\/","url":"https:\/\/www.carlosfotografo.com\/wp-content\/uploads\/2023\/06\/web-nombre.png","contentUrl":"https:\/\/www.carlosfotografo.com\/wp-content\/uploads\/2023\/06\/web-nombre.png","width":567,"height":567,"caption":"Carlos Rodriguez - Fot\u00f3grafo"},"image":{"@id":"https:\/\/www.carlosfotografo.com\/#\/schema\/logo\/image\/"},"sameAs":["https:\/\/www.facebook.com\/CarlosFotografoGijon\/","https:\/\/www.instagram.com\/carlos_fotografo_gijon\/"]}]}},"_links":{"self":[{"href":"https:\/\/www.carlosfotografo.com\/en\/wp-json\/wp\/v2\/pages\/1078","targetHints":{"allow":["GET"]}}],"collection":[{"href":"https:\/\/www.carlosfotografo.com\/en\/wp-json\/wp\/v2\/pages"}],"about":[{"href":"https:\/\/www.carlosfotografo.com\/en\/wp-json\/wp\/v2\/types\/page"}],"author":[{"embeddable":true,"href":"https:\/\/www.carlosfotografo.com\/en\/wp-json\/wp\/v2\/users\/1"}],"replies":[{"embeddable":true,"href":"https:\/\/www.carlosfotografo.com\/en\/wp-json\/wp\/v2\/comments?post=1078"}],"version-history":[{"count":13,"href":"https:\/\/www.carlosfotografo.com\/en\/wp-json\/wp\/v2\/pages\/1078\/revisions"}],"predecessor-version":[{"id":1509,"href":"https:\/\/www.carlosfotografo.com\/en\/wp-json\/wp\/v2\/pages\/1078\/revisions\/1509"}],"wp:attachment":[{"href":"https:\/\/www.carlosfotografo.com\/en\/wp-json\/wp\/v2\/media?parent=1078"}],"curies":[{"name":"wp","href":"https:\/\/api.w.org\/{rel}","templated":true}]}}